{"id":133,"date":"2022-05-25T20:04:22","date_gmt":"2022-05-25T20:04:22","guid":{"rendered":"http:\/\/recupvw.local\/?page_id=133"},"modified":"2025-09-10T09:21:25","modified_gmt":"2025-09-10T09:21:25","slug":"contact","status":"publish","type":"page","link":"https:\/\/www.recupvw.be\/fr\/contact\/","title":{"rendered":"Contact &#8211; Recup Vw Demande pi\u00e8ce occasion Vw Audi Seat Skoda"},"content":{"rendered":"\n\n\t<section class=\"section\" id=\"section_1037684480\">\n\t\t<div class=\"section-bg fill\" >\n\t\t\t\t\t\t\t\t\t\n\t\t\t\n\n\t\t<\/div>\n\n\t\t\n\n\t\t<div class=\"section-content relative\">\n\t\t\t\n\n<div class=\"row row-large align-middle\"  id=\"row-288394763\">\n\n\n\t<div id=\"col-1055139432\" class=\"col medium-6 small-12 large-6\"  >\n\t\t\t\t<div class=\"col-inner box-shadow-2\" style=\"background-color:rgb(213, 212, 212);\" >\n\t\t\t\n\t\t\t\n\n<div class=\"row row-small align-middle align-center\"  id=\"row-1948151022\">\n\n\n\t<div id=\"col-2040392721\" class=\"col small-12 large-12\"  >\n\t\t\t\t<div class=\"col-inner dark\"  >\n\t\t\t\n\t\t\t\n\n\t<div id=\"text-352161831\" class=\"text\">\n\t\t\n\n<strong>ADRESSE<\/strong>\n\t\t\n<style>\n#text-352161831 {\n  font-size: 1.15rem;\n  color: rgb(0,0,0);\n}\n#text-352161831 > * {\n  color: rgb(0,0,0);\n}\n<\/style>\n\t<\/div>\n\t\n\n\t\t<div class=\"icon-box featured-box icon-box-left text-left\"  >\n\t\t\t\t\t<div class=\"icon-box-img\" style=\"width: 20px\">\n\t\t\t\t<div class=\"icon\">\n\t\t\t\t\t<div class=\"icon-inner\" >\n\t\t\t\t\t\t<img loading=\"lazy\" decoding=\"async\" width=\"64\" height=\"64\" src=\"https:\/\/www.recupvw.be\/wp-content\/uploads\/2022\/06\/placeholder-1.png\" class=\"attachment-medium size-medium\" alt=\"\" \/>\t\t\t\t\t<\/div>\n\t\t\t\t<\/div>\n\t\t\t<\/div>\n\t\t\t\t<div class=\"icon-box-text last-reset\">\n\t\t\t\t\t\t\t\t\t\n\n\t<div id=\"text-1943651182\" class=\"text\">\n\t\t\n\n<span data-text-color=\"success\">Adresse<\/span>: Rue du Dobbelenberg 109, 1130 Bruxelles\n\t\t\n<style>\n#text-1943651182 {\n  font-size: 0.85rem;\n  color: rgb(0,0,0);\n}\n#text-1943651182 > * {\n  color: rgb(0,0,0);\n}\n<\/style>\n\t<\/div>\n\t\n\n\t\t<\/div>\n\t<\/div>\n\t\n\t\n\n\t\t<div class=\"icon-box featured-box icon-box-left text-left\"  >\n\t\t\t\t\t<div class=\"icon-box-img\" style=\"width: 20px\">\n\t\t\t\t<div class=\"icon\">\n\t\t\t\t\t<div class=\"icon-inner\" >\n\t\t\t\t\t\t<img loading=\"lazy\" decoding=\"async\" width=\"64\" height=\"64\" src=\"https:\/\/www.recupvw.be\/wp-content\/uploads\/2022\/06\/smartphone.png\" class=\"attachment-medium size-medium\" alt=\"\" \/>\t\t\t\t\t<\/div>\n\t\t\t\t<\/div>\n\t\t\t<\/div>\n\t\t\t\t<div class=\"icon-box-text last-reset\">\n\t\t\t\t\t\t\t\t\t\n\n\t<div id=\"text-1229432487\" class=\"text\">\n\t\t\n\n<span data-text-color=\"success\">T\u00e9l\u00e9phone<\/span>: 0484 10 99 09\n\t\t\n<style>\n#text-1229432487 {\n  font-size: 0.85rem;\n  color: rgb(0,0,0);\n}\n#text-1229432487 > * {\n  color: rgb(0,0,0);\n}\n<\/style>\n\t<\/div>\n\t\n\n\t\t<\/div>\n\t<\/div>\n\t\n\t\n\n\t\t<div class=\"icon-box featured-box icon-box-left text-left\"  >\n\t\t\t\t\t<div class=\"icon-box-img\" style=\"width: 20px\">\n\t\t\t\t<div class=\"icon\">\n\t\t\t\t\t<div class=\"icon-inner\" >\n\t\t\t\t\t\t<img loading=\"lazy\" decoding=\"async\" width=\"64\" height=\"64\" src=\"https:\/\/www.recupvw.be\/wp-content\/uploads\/2022\/06\/call.png\" class=\"attachment-medium size-medium\" alt=\"\" \/>\t\t\t\t\t<\/div>\n\t\t\t\t<\/div>\n\t\t\t<\/div>\n\t\t\t\t<div class=\"icon-box-text last-reset\">\n\t\t\t\t\t\t\t\t\t\n\n\t<div id=\"text-490571215\" class=\"text\">\n\t\t\n\n<span data-text-color=\"success\">Fixe<\/span>: 02\/216.06.21\n\t\t\n<style>\n#text-490571215 {\n  font-size: 0.85rem;\n  color: rgb(0,0,0);\n}\n#text-490571215 > * {\n  color: rgb(0,0,0);\n}\n<\/style>\n\t<\/div>\n\t\n\n\t\t<\/div>\n\t<\/div>\n\t\n\t\n\n\t\t<div class=\"icon-box featured-box icon-box-left text-left\"  >\n\t\t\t\t\t<div class=\"icon-box-img\" style=\"width: 20px\">\n\t\t\t\t<div class=\"icon\">\n\t\t\t\t\t<div class=\"icon-inner\" >\n\t\t\t\t\t\t<img loading=\"lazy\" decoding=\"async\" width=\"64\" height=\"64\" src=\"https:\/\/www.recupvw.be\/wp-content\/uploads\/2022\/06\/fax.png\" class=\"attachment-medium size-medium\" alt=\"\" \/>\t\t\t\t\t<\/div>\n\t\t\t\t<\/div>\n\t\t\t<\/div>\n\t\t\t\t<div class=\"icon-box-text last-reset\">\n\t\t\t\t\t\t\t\t\t\n\n\t<div id=\"text-3216096733\" class=\"text\">\n\t\t\n\n<span data-text-color=\"success\">Fax<\/span>: 02\/216.07.22\n\t\t\n<style>\n#text-3216096733 {\n  font-size: 0.85rem;\n  color: rgb(0,0,0);\n}\n#text-3216096733 > * {\n  color: rgb(0,0,0);\n}\n<\/style>\n\t<\/div>\n\t\n\n\t\t<\/div>\n\t<\/div>\n\t\n\t\n\n\t\t<div class=\"icon-box featured-box icon-box-left text-left\"  >\n\t\t\t\t\t<div class=\"icon-box-img\" style=\"width: 20px\">\n\t\t\t\t<div class=\"icon\">\n\t\t\t\t\t<div class=\"icon-inner\" >\n\t\t\t\t\t\t<img loading=\"lazy\" decoding=\"async\" width=\"64\" height=\"64\" src=\"https:\/\/www.recupvw.be\/wp-content\/uploads\/2022\/06\/arroba-sign.png\" class=\"attachment-medium size-medium\" alt=\"\" \/>\t\t\t\t\t<\/div>\n\t\t\t\t<\/div>\n\t\t\t<\/div>\n\t\t\t\t<div class=\"icon-box-text last-reset\">\n\t\t\t\t\t\t\t\t\t\n\n\t<div id=\"text-2330016309\" class=\"text\">\n\t\t\n\n<span data-text-color=\"success\">Email<\/span>: info@recupvw.be\n\t\t\n<style>\n#text-2330016309 {\n  font-size: 0.85rem;\n  color: rgb(0,0,0);\n}\n#text-2330016309 > * {\n  color: rgb(0,0,0);\n}\n<\/style>\n\t<\/div>\n\t\n\n\t\t<\/div>\n\t<\/div>\n\t\n\t\n\n\t\t<\/div>\n\t\t\t\t\t<\/div>\n\n\t\n\n\t<div id=\"col-1015123222\" class=\"col small-12 large-12\"  >\n\t\t\t\t<div class=\"col-inner dark\"  >\n\t\t\t\n\t\t\t\n\n\t<div id=\"text-4114441938\" class=\"text\">\n\t\t\n\n<strong>HEURE D'OUVERTURE<\/strong>\n\t\t\n<style>\n#text-4114441938 {\n  font-size: 1.1rem;\n  color: rgb(0,0,0);\n}\n#text-4114441938 > * {\n  color: rgb(0,0,0);\n}\n<\/style>\n\t<\/div>\n\t\n\t<div id=\"text-1160032449\" class=\"text\">\n\t\t\n\n<p>Lundi \u2013 Vendredi : 09u00 - 18u00<br \n<br \/>Samedi : 09h00 - 16u00<br \/>Dimanche : Gesloten<\/p>\n\n\t\t\n<style>\n#text-1160032449 {\n  color: rgb(0,0,0);\n}\n#text-1160032449 > * {\n  color: rgb(0,0,0);\n}\n<\/style>\n\t<\/div>\n\t\n\n\t\t<\/div>\n\t\t\t\t\t<\/div>\n\n\t\n\n<\/div>\n\n\n\t\t<\/div>\n\t\t\t\t\t<\/div>\n\n\t\n\n\t<div id=\"col-1570348203\" class=\"col medium-6 small-12 large-6 small-col-first\"  >\n\t\t\t\t<div class=\"col-inner\"  >\n\t\t\t\n\t\t\t\n\n\n\t<section class=\"section\" id=\"section_322845790\">\n\t\t<div class=\"section-bg fill\" >\n\t\t\t\t\t\t\t\t\t\n\t\t\t\n\n\t\t<\/div>\n\n\t\t\n\n\t\t<div class=\"section-content relative\">\n\t\t\t\r\n\r\n<div class=\"row row-large\"  id=\"row-694360171\">\r\n\r\n\n\t<div id=\"col-276648138\" class=\"col small-12 large-12\"  >\n\t\t\t\t<div class=\"col-inner\"  >\n\t\t\t\n\t\t\t\r\n\r\n\n<div class=\"wpcf7 no-js\" id=\"wpcf7-f698-o1\" lang=\"fr-FR\" dir=\"ltr\" data-wpcf7-id=\"698\">\n<div class=\"screen-reader-response\"><p role=\"status\" aria-live=\"polite\" aria-atomic=\"true\"><\/p> <ul><\/ul><\/div>\n<form action=\"\/fr\/wp-json\/wp\/v2\/pages\/133#wpcf7-f698-o1\" method=\"post\" class=\"wpcf7-form init\" aria-label=\"Formulaire de contact\" novalidate=\"novalidate\" data-status=\"init\">\n<fieldset class=\"hidden-fields-container\"><input type=\"hidden\" name=\"_wpcf7\" value=\"698\" \/><input type=\"hidden\" name=\"_wpcf7_version\" value=\"6.1.5\" \/><input type=\"hidden\" name=\"_wpcf7_locale\" value=\"fr_FR\" \/><input type=\"hidden\" name=\"_wpcf7_unit_tag\" value=\"wpcf7-f698-o1\" \/><input type=\"hidden\" name=\"_wpcf7_container_post\" value=\"0\" \/><input type=\"hidden\" name=\"_wpcf7_posted_data_hash\" value=\"\" \/><input type=\"hidden\" name=\"_wpcf7_recaptcha_response\" value=\"\" \/>\n<\/fieldset>\n<p><label> Nom & Pr\u00e9nom*<br \/>\n<span class=\"wpcf7-form-control-wrap\" data-name=\"your-name\"><input size=\"40\" maxlength=\"400\" class=\"wpcf7-form-control wpcf7-text wpcf7-validates-as-required\" aria-required=\"true\" aria-invalid=\"false\" value=\"\" type=\"text\" name=\"your-name\" \/><\/span> <\/label>\n<\/p>\n<p><label> Email*<br \/>\n<span class=\"wpcf7-form-control-wrap\" data-name=\"your-email\"><input size=\"40\" maxlength=\"400\" class=\"wpcf7-form-control wpcf7-email wpcf7-validates-as-required wpcf7-text wpcf7-validates-as-email\" aria-required=\"true\" aria-invalid=\"false\" value=\"\" type=\"email\" name=\"your-email\" \/><\/span> <\/label>\n<\/p>\n<p><label> T\u00e9l\u00e9phone*<br \/>\n<span class=\"wpcf7-form-control-wrap\" data-name=\"your-tel\"><input size=\"40\" maxlength=\"400\" class=\"wpcf7-form-control wpcf7-text wpcf7-validates-as-required\" aria-required=\"true\" aria-invalid=\"false\" value=\"\" type=\"text\" name=\"your-tel\" \/><\/span> <\/label>\n<\/p>\n<p><label> Votre message<br \/>\n<span class=\"wpcf7-form-control-wrap\" data-name=\"your-message\"><textarea cols=\"40\" rows=\"10\" maxlength=\"2000\" class=\"wpcf7-form-control wpcf7-textarea\" aria-invalid=\"false\" name=\"your-message\"><\/textarea><\/span> <\/label>\n<\/p>\n<p><input class=\"wpcf7-form-control wpcf7-submit has-spinner\" type=\"submit\" value=\"Envoyer\" \/>\n<\/p><div class=\"wpcf7-response-output\" aria-hidden=\"true\"><\/div>\n<\/form>\n<\/div>\n\r\n\r\n\t\t<\/div>\n\t\t\t\t\n<style>\n#col-276648138 > .col-inner {\n  margin: 0px 0px -65px 0px;\n}\n<\/style>\n\t<\/div>\n\n\t\r\n\r\n<\/div>\r\n\r\n\t\t<\/div>\n\n\t\t\n<style>\n#section_322845790 {\n  padding-top: 30px;\n  padding-bottom: 30px;\n}\n<\/style>\n\t<\/section>\n\t\n\n\n\t\t<\/div>\n\t\t\t\t\t<\/div>\n\n\t\n\n\n<style>\n#row-288394763 > .col > .col-inner {\n  padding: 20px 15px 20px 15px;\n}\n<\/style>\n<\/div>\n\n\t\t<\/div>\n\n\t\t\n<style>\n#section_1037684480 {\n  padding-top: 30px;\n  padding-bottom: 30px;\n  background-color: rgb(245, 245, 245);\n}\n<\/style>\n\t<\/section>\n\t\n\n\t<section class=\"section\" id=\"section_1187885351\">\n\t\t<div class=\"section-bg fill\" >\n\t\t\t<img loading=\"lazy\" decoding=\"async\" width=\"1600\" height=\"819\" src=\"https:\/\/www.recupvw.be\/wp-content\/uploads\/2022\/06\/WhatsApp-Image-2022-06-01-at-12.50.48.jpeg\" class=\"bg attachment-original size-original\" alt=\"\" \/>\t\t\t\t\t\t<div class=\"section-bg-overlay absolute fill\"><\/div>\n\t\t\t\n\n\t\t<\/div>\n\n\t\t\n\n\t\t<div class=\"section-content relative\">\n\t\t\t\n\n\n<div class=\"row align-middle align-center\"  id=\"row-428954188\">\n\n\n\t<div id=\"col-335912487\" class=\"col medium-7 small-12 large-6\"  >\n\t\t\t\t<div class=\"col-inner text-center dark\"  >\n\t\t\t\n\t\t\t\n\n<p><span style=\"font-size: 33px; line-height: 28px; font-weight: 200;\">Nous sommes ouvert:<\/span><\/p>\n<p><span style=\"font-size: 33px; line-height: 28px; font-weight: 200;\">Lundi &#8211; Vendredi<br \/><\/span><span style=\"font-size: 36px; line-height: 55px; font-weight: bold;\">09 H &#8211; 18 H<\/span><br \/><span style=\"font-size: 33px; line-height: 28px; font-weight: 200;\">Samedi<br \/><span style=\"font-size: 36px; line-height: 55px; font-weight: bold;\">09 H &#8211; 16 H<\/span><\/span><br \/>VW Shop est ouvert du lundi au samedi pour les clients qui veulent se rendre physiquement en magasin.<\/p>\n\n\t\t<\/div>\n\t\t\t\t\n<style>\n#col-335912487 > .col-inner {\n  padding: 60px 30px 60px 30px;\n}\n@media (min-width:550px) {\n  #col-335912487 > .col-inner {\n    padding: 60px 60px 60px 60px;\n  }\n}\n<\/style>\n\t<\/div>\n\n\t\n\n\n<style>\n#row-428954188 > .col > .col-inner {\n  background-color: #b20000;\n}\n<\/style>\n<\/div>\n\n\t\t<\/div>\n\n\t\t\n<style>\n#section_1187885351 {\n  padding-top: 120px;\n  padding-bottom: 120px;\n  background-color: rgb(0,0,0);\n}\n#section_1187885351 .section-bg-overlay {\n  background-color: rgba(0, 0, 0, 0.517);\n}\n<\/style>\n\t<\/section>\n\t\n\n\t<section class=\"section dark\" id=\"section_966221795\">\n\t\t<div class=\"section-bg fill\" >\n\t\t\t\t\t\t\t\t\t\n\t\t\t\n\n\t\t<\/div>\n\n\t\t\n\n\t\t<div class=\"section-content relative\">\n\t\t\t\n\n<div class=\"row align-center\"  id=\"row-1338479566\">\n\n\n\t<div id=\"col-1398439010\" class=\"col small-12 large-12\"  >\n\t\t\t\t<div class=\"col-inner\"  >\n\t\t\t\n\t\t\t\n\n<h2><span style=\"font-size:33px; line-height: 28px; font-weight: 200;\">RESTER AU COURANT<\/span><br \/> <span style=\"font-size:36px; line-height: 55px; font-weight: 700;\">NOUVELLES DE RECUP VW<\/span><\/h2>\n\n\t\t<\/div>\n\t\t\t\t\t<\/div>\n\n\t\n\n\t<div id=\"col-465789393\" class=\"col medium-6 small-12 large-6\"  >\n\t\t\t\t<div class=\"col-inner\"  >\n\t\t\t\n\t\t\t\n\n\n\n<div class=\"fb-page\" data-href=\"https:\/\/www.facebook.com\/pg\/Vw-Shop-273419696195443\" data-tabs=\"timeline\" data-width=\"800\" data-height=\"800\" data-small-header=\"false\" data-adapt-container-width=\"true\" data-hide-cover=\"false\" data-show-facepile=\"true\"><blockquote cite=\"https:\/\/www.facebook.com\/pg\/Vw-Shop-273419696195443\" class=\"fb-xfbml-parse-ignore\"><a href=\"https:\/\/www.facebook.com\/pg\/Vw-Shop-273419696195443\">Recup Vw Shop<\/a><\/blockquote><\/div>\n\n\n\t\t<\/div>\n\t\t\t\t\t<\/div>\n\n\t\n\n\t<div id=\"col-1011671737\" class=\"col medium-6 small-12 large-6\"  >\n\t\t\t\t<div class=\"col-inner\"  >\n\t\t\t\n\t\t\t\n\n\n\n<iframe loading=\"lazy\" style=\"border: 0;\" tabindex=\"0\" src=\"https:\/\/www.google.com\/maps\/embed?pb=!1m18!1m12!1m3!1d2516.0505218027024!2d4.415219215445926!3d50.90428127954056!2m3!1f0!2f0!3f0!3m2!1i1024!2i768!4f13.1!3m3!1m2!1s0x47c3c2cb351a96e3%3A0xf83ef91e1ae262fd!2sRecup%20Vw%20Audi%20Seat%20Skoda!5e0!3m2!1sfr!2sbe!4v1602187047434!5m2!1sfr!2sbe\" width=\"100%\" height=\"800px\" frameborder=\"0\" allowfullscreen=\"allowfullscreen\"><\/iframe>\n\n\n\t\t<\/div>\n\t\t\t\t\t<\/div>\n\n\t\n\n<\/div>\n\n\t\t<\/div>\n\n\t\t\n<style>\n#section_966221795 {\n  padding-top: 30px;\n  padding-bottom: 30px;\n  background-color: rgb(213, 213, 213);\n}\n<\/style>\n\t<\/section>\n\t\n\n","protected":false},"excerpt":{"rendered":"","protected":false},"author":4,"featured_media":0,"parent":0,"menu_order":0,"comment_status":"closed","ping_status":"closed","template":"","meta":{"footnotes":""},"class_list":["post-133","page","type-page","status-publish","hentry"],"yoast_head":"<!-- This site is optimized with the Yoast SEO plugin v27.5 - https:\/\/yoast.com\/product\/yoast-seo-wordpress\/ -->\n<title>Contact - Recup Vw Demande pi\u00e8ce occasion Vw Audi Seat Skoda<\/title>\n<meta name=\"description\" content=\"Contact - Recup Vw Demande pi\u00e8ce occasion Vw Audi Seat Skoda - Qualit\u00e9 garantie\" \/>\n<meta name=\"robots\" content=\"index, follow, max-snippet:-1, max-image-preview:large, max-video-preview:-1\" \/>\n<link rel=\"canonical\" href=\"https:\/\/www.recupvw.be\/fr\/contact\/\" \/>\n<meta property=\"og:locale\" content=\"fr_FR\" \/>\n<meta property=\"og:type\" content=\"article\" \/>\n<meta property=\"og:title\" content=\"Contact - Recup Vw Demande pi\u00e8ce occasion Vw Audi Seat Skoda\" \/>\n<meta property=\"og:description\" content=\"Contact - Recup Vw Demande pi\u00e8ce occasion Vw Audi Seat Skoda - Qualit\u00e9 garantie\" \/>\n<meta property=\"og:url\" content=\"https:\/\/www.recupvw.be\/fr\/contact\/\" \/>\n<meta property=\"og:site_name\" content=\"Recup VW - VW Shop : Pi\u00e8ces auto VW Audi Seat Skoda Bruxelles\" \/>\n<meta property=\"article:publisher\" content=\"https:\/\/www.facebook.com\/Recup-Vw-Shop-273419696195443\/\" \/>\n<meta property=\"article:modified_time\" content=\"2025-09-10T09:21:25+00:00\" \/>\n<meta property=\"og:image\" content=\"https:\/\/www.recupvw.be\/wp-content\/uploads\/2025\/04\/vwrecup2.jpg\" \/>\n\t<meta property=\"og:image:width\" content=\"1600\" \/>\n\t<meta property=\"og:image:height\" content=\"901\" \/>\n\t<meta property=\"og:image:type\" content=\"image\/jpeg\" \/>\n<meta name=\"twitter:card\" content=\"summary_large_image\" \/>\n<script type=\"application\/ld+json\" class=\"yoast-schema-graph\">{\"@context\":\"https:\\\/\\\/schema.org\",\"@graph\":[{\"@type\":\"WebPage\",\"@id\":\"https:\\\/\\\/www.recupvw.be\\\/fr\\\/contact\\\/\",\"url\":\"https:\\\/\\\/www.recupvw.be\\\/fr\\\/contact\\\/\",\"name\":\"Contact - Recup Vw Demande pi\u00e8ce occasion Vw Audi Seat Skoda\",\"isPartOf\":{\"@id\":\"https:\\\/\\\/www.recupvw.be\\\/fr\\\/#website\"},\"datePublished\":\"2022-05-25T20:04:22+00:00\",\"dateModified\":\"2025-09-10T09:21:25+00:00\",\"description\":\"Contact - Recup Vw Demande pi\u00e8ce occasion Vw Audi Seat Skoda - Qualit\u00e9 garantie\",\"breadcrumb\":{\"@id\":\"https:\\\/\\\/www.recupvw.be\\\/fr\\\/contact\\\/#breadcrumb\"},\"inLanguage\":\"fr-FR\",\"potentialAction\":[{\"@type\":\"ReadAction\",\"target\":[\"https:\\\/\\\/www.recupvw.be\\\/fr\\\/contact\\\/\"]}]},{\"@type\":\"BreadcrumbList\",\"@id\":\"https:\\\/\\\/www.recupvw.be\\\/fr\\\/contact\\\/#breadcrumb\",\"itemListElement\":[{\"@type\":\"ListItem\",\"position\":1,\"name\":\"Accueil\",\"item\":\"https:\\\/\\\/www.recupvw.be\\\/fr\\\/\"},{\"@type\":\"ListItem\",\"position\":2,\"name\":\"Contact &#8211; Recup Vw Demande pi\u00e8ce occasion Vw Audi Seat Skoda\"}]},{\"@type\":\"WebSite\",\"@id\":\"https:\\\/\\\/www.recupvw.be\\\/fr\\\/#website\",\"url\":\"https:\\\/\\\/www.recupvw.be\\\/fr\\\/\",\"name\":\"R\u00e9cup VW Shop : Pi\u00e8ces Auto d\u2019Occasion VW, Audi, Seat, Skoda \u00e0 Bruxelles\",\"description\":\"Pi\u00e8ces automobiles pour VW, Audi, Seat, Skoda - Stock \u00e0 Bruxelles\",\"publisher\":{\"@id\":\"https:\\\/\\\/www.recupvw.be\\\/fr\\\/#organization\"},\"alternateName\":\"R\u00e9cup VW SHOP\",\"potentialAction\":[{\"@type\":\"SearchAction\",\"target\":{\"@type\":\"EntryPoint\",\"urlTemplate\":\"https:\\\/\\\/www.recupvw.be\\\/fr\\\/?s={search_term_string}\"},\"query-input\":{\"@type\":\"PropertyValueSpecification\",\"valueRequired\":true,\"valueName\":\"search_term_string\"}}],\"inLanguage\":\"fr-FR\"},{\"@type\":\"Organization\",\"@id\":\"https:\\\/\\\/www.recupvw.be\\\/fr\\\/#organization\",\"name\":\"R\u00e9cup VW Shop\",\"url\":\"https:\\\/\\\/www.recupvw.be\\\/fr\\\/\",\"logo\":{\"@type\":\"ImageObject\",\"inLanguage\":\"fr-FR\",\"@id\":\"https:\\\/\\\/www.recupvw.be\\\/fr\\\/#\\\/schema\\\/logo\\\/image\\\/\",\"url\":\"https:\\\/\\\/www.recupvw.be\\\/wp-content\\\/uploads\\\/2025\\\/03\\\/cropped-recup-vw-shop-logo-1x1-1.png\",\"contentUrl\":\"https:\\\/\\\/www.recupvw.be\\\/wp-content\\\/uploads\\\/2025\\\/03\\\/cropped-recup-vw-shop-logo-1x1-1.png\",\"width\":512,\"height\":512,\"caption\":\"R\u00e9cup VW Shop\"},\"image\":{\"@id\":\"https:\\\/\\\/www.recupvw.be\\\/fr\\\/#\\\/schema\\\/logo\\\/image\\\/\"},\"sameAs\":[\"https:\\\/\\\/www.facebook.com\\\/Recup-Vw-Shop-273419696195443\\\/\",\"https:\\\/\\\/www.youtube.com\\\/watch?v=-n5yrRv29as\"]}]}<\/script>\n<!-- \/ Yoast SEO plugin. -->","yoast_head_json":{"title":"Contact - Recup Vw Demande pi\u00e8ce occasion Vw Audi Seat Skoda","description":"Contact - Recup Vw Demande pi\u00e8ce occasion Vw Audi Seat Skoda - Qualit\u00e9 garantie","robots":{"index":"index","follow":"follow","max-snippet":"max-snippet:-1","max-image-preview":"max-image-preview:large","max-video-preview":"max-video-preview:-1"},"canonical":"https:\/\/www.recupvw.be\/fr\/contact\/","og_locale":"fr_FR","og_type":"article","og_title":"Contact - Recup Vw Demande pi\u00e8ce occasion Vw Audi Seat Skoda","og_description":"Contact - Recup Vw Demande pi\u00e8ce occasion Vw Audi Seat Skoda - Qualit\u00e9 garantie","og_url":"https:\/\/www.recupvw.be\/fr\/contact\/","og_site_name":"Recup VW - VW Shop : Pi\u00e8ces auto VW Audi Seat Skoda Bruxelles","article_publisher":"https:\/\/www.facebook.com\/Recup-Vw-Shop-273419696195443\/","article_modified_time":"2025-09-10T09:21:25+00:00","og_image":[{"width":1600,"height":901,"url":"https:\/\/www.recupvw.be\/wp-content\/uploads\/2025\/04\/vwrecup2.jpg","type":"image\/jpeg"}],"twitter_card":"summary_large_image","schema":{"@context":"https:\/\/schema.org","@graph":[{"@type":"WebPage","@id":"https:\/\/www.recupvw.be\/fr\/contact\/","url":"https:\/\/www.recupvw.be\/fr\/contact\/","name":"Contact - Recup Vw Demande pi\u00e8ce occasion Vw Audi Seat Skoda","isPartOf":{"@id":"https:\/\/www.recupvw.be\/fr\/#website"},"datePublished":"2022-05-25T20:04:22+00:00","dateModified":"2025-09-10T09:21:25+00:00","description":"Contact - Recup Vw Demande pi\u00e8ce occasion Vw Audi Seat Skoda - Qualit\u00e9 garantie","breadcrumb":{"@id":"https:\/\/www.recupvw.be\/fr\/contact\/#breadcrumb"},"inLanguage":"fr-FR","potentialAction":[{"@type":"ReadAction","target":["https:\/\/www.recupvw.be\/fr\/contact\/"]}]},{"@type":"BreadcrumbList","@id":"https:\/\/www.recupvw.be\/fr\/contact\/#breadcrumb","itemListElement":[{"@type":"ListItem","position":1,"name":"Accueil","item":"https:\/\/www.recupvw.be\/fr\/"},{"@type":"ListItem","position":2,"name":"Contact &#8211; Recup Vw Demande pi\u00e8ce occasion Vw Audi Seat Skoda"}]},{"@type":"WebSite","@id":"https:\/\/www.recupvw.be\/fr\/#website","url":"https:\/\/www.recupvw.be\/fr\/","name":"R\u00e9cup VW Shop : Pi\u00e8ces Auto d\u2019Occasion VW, Audi, Seat, Skoda \u00e0 Bruxelles","description":"Pi\u00e8ces automobiles pour VW, Audi, Seat, Skoda - Stock \u00e0 Bruxelles","publisher":{"@id":"https:\/\/www.recupvw.be\/fr\/#organization"},"alternateName":"R\u00e9cup VW SHOP","potentialAction":[{"@type":"SearchAction","target":{"@type":"EntryPoint","urlTemplate":"https:\/\/www.recupvw.be\/fr\/?s={search_term_string}"},"query-input":{"@type":"PropertyValueSpecification","valueRequired":true,"valueName":"search_term_string"}}],"inLanguage":"fr-FR"},{"@type":"Organization","@id":"https:\/\/www.recupvw.be\/fr\/#organization","name":"R\u00e9cup VW Shop","url":"https:\/\/www.recupvw.be\/fr\/","logo":{"@type":"ImageObject","inLanguage":"fr-FR","@id":"https:\/\/www.recupvw.be\/fr\/#\/schema\/logo\/image\/","url":"https:\/\/www.recupvw.be\/wp-content\/uploads\/2025\/03\/cropped-recup-vw-shop-logo-1x1-1.png","contentUrl":"https:\/\/www.recupvw.be\/wp-content\/uploads\/2025\/03\/cropped-recup-vw-shop-logo-1x1-1.png","width":512,"height":512,"caption":"R\u00e9cup VW Shop"},"image":{"@id":"https:\/\/www.recupvw.be\/fr\/#\/schema\/logo\/image\/"},"sameAs":["https:\/\/www.facebook.com\/Recup-Vw-Shop-273419696195443\/","https:\/\/www.youtube.com\/watch?v=-n5yrRv29as"]}]}},"_links":{"self":[{"href":"https:\/\/www.recupvw.be\/fr\/wp-json\/wp\/v2\/pages\/133","targetHints":{"allow":["GET"]}}],"collection":[{"href":"https:\/\/www.recupvw.be\/fr\/wp-json\/wp\/v2\/pages"}],"about":[{"href":"https:\/\/www.recupvw.be\/fr\/wp-json\/wp\/v2\/types\/page"}],"author":[{"embeddable":true,"href":"https:\/\/www.recupvw.be\/fr\/wp-json\/wp\/v2\/users\/4"}],"replies":[{"embeddable":true,"href":"https:\/\/www.recupvw.be\/fr\/wp-json\/wp\/v2\/comments?post=133"}],"version-history":[{"count":0,"href":"https:\/\/www.recupvw.be\/fr\/wp-json\/wp\/v2\/pages\/133\/revisions"}],"wp:attachment":[{"href":"https:\/\/www.recupvw.be\/fr\/wp-json\/wp\/v2\/media?parent=133"}],"curies":[{"name":"wp","href":"https:\/\/api.w.org\/{rel}","templated":true}]}}