{"id":602,"date":"2022-06-02T08:05:40","date_gmt":"2022-06-02T08:05:40","guid":{"rendered":"http:\/\/recupvw.local\/?page_id=602"},"modified":"2025-09-10T09:28:33","modified_gmt":"2025-09-10T09:28:33","slug":"turbos","status":"publish","type":"page","link":"https:\/\/www.recupvw.be\/fr\/turbos\/","title":{"rendered":"Turbos d&rsquo;occasion pour VW AUDI SEAT SKODA &#8211; 80%"},"content":{"rendered":"\n\n\t<section class=\"section dark\" id=\"section_1158828823\">\n\t\t<div class=\"section-bg fill\" >\n\t\t\t<img loading=\"lazy\" decoding=\"async\" width=\"800\" height=\"800\" src=\"https:\/\/www.recupvw.be\/wp-content\/uploads\/2022\/06\/turbos.jpg\" class=\"bg attachment- size-\" alt=\"\" \/>\t\t\t\t\t\t<div class=\"section-bg-overlay absolute fill\"><\/div>\n\t\t\t\n\t<div class=\"is-border\"\n\t\tstyle=\"border-color:rgb(235, 235, 235);border-width:0px 0px 0px 0px;\">\n\t<\/div>\n\n\t\t<\/div>\n\n\t\t\n\n\t\t<div class=\"section-content relative\">\n\t\t\t\n\n<div class=\"row\"  id=\"row-50329515\">\n\n\n\t<div id=\"col-2068060207\" class=\"col medium-5 small-12 large-5\"  >\n\t\t\t\t<div class=\"col-inner\"  >\n\t\t\t\n\t\t\t\n\n<div class=\"row row-collapse align-center\"  id=\"row-1734531122\">\n\n\n\t<div id=\"col-874851121\" class=\"col small-12 large-12\"  >\n\t\t\t\t<div class=\"col-inner text-left dark\"  >\n\t\t\t\n\t\t\t\n\n\n\t\t<div class=\"icon-box featured-box icon-box-left text-left is-small\"  style=\"margin:0px 0px 15px 0px;\">\n\t\t\t\t\t<div class=\"icon-box-img\" style=\"width: 40px\">\n\t\t\t\t<div class=\"icon\">\n\t\t\t\t\t<div class=\"icon-inner\" >\n\t\t\t\t\t\t<img loading=\"lazy\" decoding=\"async\" width=\"300\" height=\"300\" src=\"https:\/\/www.recupvw.be\/wp-content\/uploads\/2022\/06\/email-5-300x300.png\" class=\"attachment-medium size-medium\" alt=\"\" srcset=\"https:\/\/www.recupvw.be\/wp-content\/uploads\/2022\/06\/email-5-300x300.png 300w, https:\/\/www.recupvw.be\/wp-content\/uploads\/2022\/06\/email-5-150x150.png 150w, https:\/\/www.recupvw.be\/wp-content\/uploads\/2022\/06\/email-5-100x100.png 100w, https:\/\/www.recupvw.be\/wp-content\/uploads\/2022\/06\/email-5.png 512w\" sizes=\"auto, (max-width: 300px) 100vw, 300px\" \/>\t\t\t\t\t<\/div>\n\t\t\t\t<\/div>\n\t\t\t<\/div>\n\t\t\t\t<div class=\"icon-box-text last-reset\">\n\t\t\t\t\t\t\t\t\t\n\n\t<div id=\"text-1187782517\" class=\"text\">\n\t\t\n\n<p><span class=\"uppercase\">Laisser un message<\/span><br>R\u00e9ponse rapide !<\/p>\n\t\t\n<style>\n#text-1187782517 {\n  font-size: 1rem;\n  line-height: 1;\n}\n@media (min-width:550px) {\n  #text-1187782517 {\n    line-height: 1;\n  }\n}\n@media (min-width:850px) {\n  #text-1187782517 {\n    line-height: 1;\n  }\n}\n<\/style>\n\t<\/div>\n\t\n\n\t\t<\/div>\n\t<\/div>\n\t\n\t\n\n<div class=\"wpcf7 no-js\" id=\"wpcf7-f192-o1\" lang=\"fr-FR\" dir=\"ltr\" data-wpcf7-id=\"192\">\n<div class=\"screen-reader-response\"><p role=\"status\" aria-live=\"polite\" aria-atomic=\"true\"><\/p> <ul><\/ul><\/div>\n<form action=\"\/fr\/wp-json\/wp\/v2\/pages\/602#wpcf7-f192-o1\" method=\"post\" class=\"wpcf7-form init\" aria-label=\"Formulaire de contact\" novalidate=\"novalidate\" data-status=\"init\">\n<fieldset class=\"hidden-fields-container\"><input type=\"hidden\" name=\"_wpcf7\" value=\"192\" \/><input type=\"hidden\" name=\"_wpcf7_version\" value=\"6.1.5\" \/><input type=\"hidden\" name=\"_wpcf7_locale\" value=\"fr_FR\" \/><input type=\"hidden\" name=\"_wpcf7_unit_tag\" value=\"wpcf7-f192-o1\" \/><input type=\"hidden\" name=\"_wpcf7_container_post\" value=\"0\" \/><input type=\"hidden\" name=\"_wpcf7_posted_data_hash\" value=\"\" \/><input type=\"hidden\" name=\"_wpcf7_recaptcha_response\" value=\"\" \/>\n<\/fieldset>\n<p><span class=\"wpcf7-form-control-wrap\" data-name=\"your-name\"><input size=\"40\" maxlength=\"400\" class=\"wpcf7-form-control wpcf7-text wpcf7-validates-as-required\" aria-required=\"true\" aria-invalid=\"false\" placeholder=\"Nom\" value=\"\" type=\"text\" name=\"your-name\" \/><\/span>\n<\/p>\n<div class=\"clearfix\">\n\t<div id=\"left\">\n\t\t<p><span class=\"wpcf7-form-control-wrap\" data-name=\"your-email\"><input size=\"40\" maxlength=\"400\" class=\"wpcf7-form-control wpcf7-email wpcf7-validates-as-required wpcf7-text wpcf7-validates-as-email\" aria-required=\"true\" aria-invalid=\"false\" placeholder=\"Email\" value=\"\" type=\"email\" name=\"your-email\" \/><\/span>\n\t\t<\/p>\n\t<\/div>\n\t<div id=\"right\">\n\t\t<p><span class=\"wpcf7-form-control-wrap\" data-name=\"your-tel\"><input size=\"40\" maxlength=\"400\" class=\"wpcf7-form-control wpcf7-text wpcf7-validates-as-required\" aria-required=\"true\" aria-invalid=\"false\" placeholder=\"T\u00e9l\u00e9phone\" value=\"\" type=\"text\" name=\"your-tel\" \/><\/span>\n\t\t<\/p>\n\t<\/div>\n<\/div>\n<p><span class=\"wpcf7-form-control-wrap\" data-name=\"your-message\"><textarea cols=\"40\" rows=\"10\" maxlength=\"2000\" class=\"wpcf7-form-control wpcf7-textarea\" aria-invalid=\"false\" placeholder=\"Message\" name=\"your-message\"><\/textarea><\/span>\n<\/p>\n<p><input class=\"wpcf7-form-control wpcf7-submit has-spinner success\" type=\"submit\" value=\"Envoyer\" \/>\n<\/p><div class=\"wpcf7-response-output\" aria-hidden=\"true\"><\/div>\n<\/form>\n<\/div>\n\n\n\n\t\t<\/div>\n\t\t\t\t\n<style>\n#col-874851121 > .col-inner {\n  padding: 0px 0px 0px 0px;\n  margin: 0px 0px 0px 0px;\n}\n@media (min-width:550px) {\n  #col-874851121 > .col-inner {\n    padding: 0px 20px 0px 20px;\n  }\n}\n<\/style>\n\t<\/div>\n\n\t\n\n\n<style>\n#row-1734531122 > .col > .col-inner {\n  padding: 30px 15px 0px 16px;\n  background-color: rgba(0, 0, 0, 0.349);\n}\n@media (min-width:550px) {\n  #row-1734531122 > .col > .col-inner {\n    padding: 30px 30px 0px 30px;\n  }\n}\n<\/style>\n<\/div>\n\n\t\t<\/div>\n\t\t\t\t\t<\/div>\n\n\t\n\n\t<div id=\"col-1643921505\" class=\"col medium-7 small-12 large-7\"  >\n\t\t\t\t<div class=\"col-inner\"  >\n\t\t\t\n\t\t\t\n\n\t<div id=\"text-2307770669\" class=\"text\">\n\t\t\n\n<h1><span style=\"font-size:33px; line-height: 36px; font-weight: 300;\">R\u00c9CUP\u00c9RATION ET VENTE DE TURBOS <\/span><br><span style=\"font-size:50px; line-height: 55px; font-weight: 900;\">VW, AUDI, SKODA ET SEAT <\/span><\/h1>\n\t\t\n<style>\n#text-2307770669 {\n  font-size: 1.1rem;\n  color: rgb(255,255,255);\n}\n#text-2307770669 > * {\n  color: rgb(255,255,255);\n}\n<\/style>\n\t<\/div>\n\t\n\t<div id=\"text-974057526\" class=\"text\">\n\t\t\n\n<p>Le turbo, organe m\u00e9canique, donne de la puissance au moteur en ventilant celui-ci. Le turbo, qui offre de meilleures acc\u00e9l\u00e9rations et qui permet une consommation  de carburant mod\u00e9r\u00e9e, est souvent mis \u00e0 contribution ce qui limite sa dur\u00e9e de vie et entra\u00eene donc son changement. Si vous constatez de la fum\u00e9e, une surchauffe, des fuites d\u2019huile, une augmentation de votre consommation de carburant, une diminution de la puissance de votre v\u00e9hicule ou encore un bruit \u00e9trange, n\u2019h\u00e9sitez pas \u00e0 venir chez VW Shop qui vous en fournira d\u2019occasion et compatibles avec votre v\u00e9hicule de marques VW, Audi, Seat et Skoda. Gardez aussi \u00e0 l\u2019esprit que votre conduite peut influer directement sur la dur\u00e9e de vie de votre turbo. Nous pourrons vous apporter de nombreux conseils \u00e0 ce sujet. <\/p>\n\t\t\n<style>\n#text-974057526 {\n  font-size: 0.9rem;\n  line-height: 1.4;\n  color: rgb(255,255,255);\n}\n#text-974057526 > * {\n  color: rgb(255,255,255);\n}\n<\/style>\n\t<\/div>\n\t\n\n\t\t<\/div>\n\t\t\t\t\t<\/div>\n\n\t\n\n<\/div>\n<div class=\"row row-collapse row-full-width align-center\"  id=\"row-851191755\">\n\n\n\t<div id=\"col-1928808236\" class=\"col hide-for-small medium-3 small-12 large-3\"  >\n\t\t\t\t<div class=\"col-inner\"  >\n\t\t\t\n\t\t\t\n\n\t<div id=\"gap-1911258976\" class=\"gap-element clearfix\" style=\"display:block; height:auto;\">\n\t\t\n<style>\n#gap-1911258976 {\n  padding-top: 40px;\n}\n@media (min-width:850px) {\n  #gap-1911258976 {\n    padding-top: 40px;\n  }\n}\n<\/style>\n\t<\/div>\n\t\n\n\n\t\t<\/div>\n\t\t\t\t\t<\/div>\n\n\t\n\n\t<div id=\"col-486487696\" class=\"col medium-6 small-12 large-6\"  >\n\t\t\t\t<div class=\"col-inner text-center\"  >\n\t\t\t\n\t\t\t\n\n\t<div id=\"stack-4258011352\" class=\"stack stack-row justify-start items-center md:items-center\">\n\t\t\n\n\t<div class=\"img has-hover x md-x lg-x y md-y lg-y\" id=\"image_280177323\">\n\t\t\t\t\t\t\t\t<div class=\"img-inner image-overlay-remove image-cover dark\" style=\"padding-top:40px;\">\n\t\t\t<img loading=\"lazy\" decoding=\"async\" width=\"600\" height=\"200\" src=\"https:\/\/www.recupvw.be\/wp-content\/uploads\/2022\/05\/vw-logo-ref.png\" class=\"attachment-large size-large\" alt=\"\" srcset=\"https:\/\/www.recupvw.be\/wp-content\/uploads\/2022\/05\/vw-logo-ref.png 600w, https:\/\/www.recupvw.be\/wp-content\/uploads\/2022\/05\/vw-logo-ref-300x100.png 300w\" sizes=\"auto, (max-width: 600px) 100vw, 600px\" \/>\t\t\t\t\t\t\t<div class=\"overlay\" style=\"background-color: rgba(0, 0, 0, 0.738)\"><\/div>\n\t\t\t\t\t\t\n\t\t\t\t\t<\/div>\n\t\t\t\t\t\t\t\t\n<style>\n#image_280177323 {\n  width: 100%;\n}\n<\/style>\n\t<\/div>\n\t\n\n\t<div class=\"img has-hover x md-x lg-x y md-y lg-y\" id=\"image_1766461538\">\n\t\t\t\t\t\t\t\t<div class=\"img-inner image-overlay-remove image-cover dark\" style=\"padding-top:40px;\">\n\t\t\t<img loading=\"lazy\" decoding=\"async\" width=\"600\" height=\"200\" src=\"https:\/\/www.recupvw.be\/wp-content\/uploads\/2022\/05\/audi-logo-ref.png\" class=\"attachment-large size-large\" alt=\"\" srcset=\"https:\/\/www.recupvw.be\/wp-content\/uploads\/2022\/05\/audi-logo-ref.png 600w, https:\/\/www.recupvw.be\/wp-content\/uploads\/2022\/05\/audi-logo-ref-300x100.png 300w\" sizes=\"auto, (max-width: 600px) 100vw, 600px\" \/>\t\t\t\t\t\t\t<div class=\"overlay\" style=\"background-color: rgba(0, 0, 0, 0.738)\"><\/div>\n\t\t\t\t\t\t\n\t\t\t\t\t<\/div>\n\t\t\t\t\t\t\t\t\n<style>\n#image_1766461538 {\n  width: 100%;\n}\n<\/style>\n\t<\/div>\n\t\n\n\t<div class=\"img has-hover x md-x lg-x y md-y lg-y\" id=\"image_13042711\">\n\t\t\t\t\t\t\t\t<div class=\"img-inner image-overlay-remove image-cover dark\" style=\"padding-top:40px;\">\n\t\t\t<img loading=\"lazy\" decoding=\"async\" width=\"600\" height=\"200\" src=\"https:\/\/www.recupvw.be\/wp-content\/uploads\/2022\/05\/seat-logo-ref.png\" class=\"attachment-large size-large\" alt=\"\" srcset=\"https:\/\/www.recupvw.be\/wp-content\/uploads\/2022\/05\/seat-logo-ref.png 600w, https:\/\/www.recupvw.be\/wp-content\/uploads\/2022\/05\/seat-logo-ref-300x100.png 300w\" sizes=\"auto, (max-width: 600px) 100vw, 600px\" \/>\t\t\t\t\t\t\t<div class=\"overlay\" style=\"background-color: rgba(0, 0, 0, 0.738)\"><\/div>\n\t\t\t\t\t\t\n\t\t\t\t\t<\/div>\n\t\t\t\t\t\t\t\t\n<style>\n#image_13042711 {\n  width: 100%;\n}\n<\/style>\n\t<\/div>\n\t\n\n\t<div class=\"img has-hover x md-x lg-x y md-y lg-y\" id=\"image_1571383199\">\n\t\t\t\t\t\t\t\t<div class=\"img-inner image-overlay-remove image-cover dark\" style=\"padding-top:40px;\">\n\t\t\t<img loading=\"lazy\" decoding=\"async\" width=\"600\" height=\"200\" src=\"https:\/\/www.recupvw.be\/wp-content\/uploads\/2022\/05\/logo-skoda-ref.png\" class=\"attachment-large size-large\" alt=\"\" srcset=\"https:\/\/www.recupvw.be\/wp-content\/uploads\/2022\/05\/logo-skoda-ref.png 600w, https:\/\/www.recupvw.be\/wp-content\/uploads\/2022\/05\/logo-skoda-ref-300x100.png 300w\" sizes=\"auto, (max-width: 600px) 100vw, 600px\" \/>\t\t\t\t\t\t\t<div class=\"overlay\" style=\"background-color: rgba(0, 0, 0, 0.738)\"><\/div>\n\t\t\t\t\t\t\n\t\t\t\t\t<\/div>\n\t\t\t\t\t\t\t\t\n<style>\n#image_1571383199 {\n  width: 100%;\n}\n<\/style>\n\t<\/div>\n\t\n\n\n\t\t\n<style>\n#stack-4258011352 > * {\n  --stack-gap: 0rem;\n}\n<\/style>\n\t<\/div>\n\t\n\n\t\t<\/div>\n\t\t\t\t\t<\/div>\n\n\t\n\n\t<div id=\"col-716667272\" class=\"col hide-for-small medium-3 small-12 large-3\"  >\n\t\t\t\t<div class=\"col-inner\"  >\n\t\t\t\n\t\t\t\n\n\t<div id=\"gap-1553398557\" class=\"gap-element clearfix\" style=\"display:block; height:auto;\">\n\t\t\n<style>\n#gap-1553398557 {\n  padding-top: 40px;\n}\n@media (min-width:850px) {\n  #gap-1553398557 {\n    padding-top: 40px;\n  }\n}\n<\/style>\n\t<\/div>\n\t\n\n\n\t\t<\/div>\n\t\t\t\t\t<\/div>\n\n\t\n\n\n<style>\n#row-851191755 > .col > .col-inner {\n  padding: 0px 0px 0px 0px;\n  background-color: rgb(0, 0, 0);\n}\n<\/style>\n<\/div>\n\n\t\t<\/div>\n\n\t\t\n<style>\n#section_1158828823 {\n  padding-top: 60px;\n  padding-bottom: 60px;\n  min-height: 300px;\n}\n#section_1158828823 .section-bg-overlay {\n  background-color: rgba(0, 0, 0, 0.8);\n}\n<\/style>\n\t<\/section>\n\t\n\n\t<section class=\"section\" id=\"section_693361691\">\n\t\t<div class=\"section-bg fill\" >\n\t\t\t\t\t\t\t\t\t\n\t\t\t\n\n\t\t<\/div>\n\n\t\t\n\n\t\t<div class=\"section-content relative\">\n\t\t\t\n\n\n\t\t<\/div>\n\n\t\t\n<style>\n#section_693361691 {\n  padding-top: 30px;\n  padding-bottom: 30px;\n}\n<\/style>\n\t<\/section>\n\t\n\n\t<section class=\"section\" id=\"section_1558811235\">\n\t\t<div class=\"section-bg fill\" >\n\t\t\t<img loading=\"lazy\" decoding=\"async\" width=\"1600\" height=\"819\" src=\"https:\/\/www.recupvw.be\/wp-content\/uploads\/2022\/06\/WhatsApp-Image-2022-06-01-at-12.50.48.jpeg\" class=\"bg attachment-original size-original\" alt=\"\" \/>\t\t\t\t\t\t<div class=\"section-bg-overlay absolute fill\"><\/div>\n\t\t\t\n\n\t\t<\/div>\n\n\t\t\n\n\t\t<div class=\"section-content relative\">\n\t\t\t\n\n\n<div class=\"row align-middle align-center\"  id=\"row-1313486458\">\n\n\n\t<div id=\"col-1665157419\" class=\"col medium-7 small-12 large-6\"  >\n\t\t\t\t<div class=\"col-inner text-center dark\"  >\n\t\t\t\n\t\t\t\n\n<p><span style=\"font-size: 33px; line-height: 28px; font-weight: 200;\">Nous sommes ouvert: <\/span><\/p>\n<p><span style=\"font-size: 33px; line-height: 28px; font-weight: 200;\">Lundi &#8211; Vendredi<br \/><\/span><span style=\"font-size: 36px; line-height: 55px; font-weight: bold;\">09H &#8211; 18H<\/span><\/p>\n<p><span style=\"font-size: 33px; line-height: 28px; font-weight: 200;\">Samedi<\/span><br \/><span style=\"font-size: 36px; line-height: 55px; font-weight: bold;\">09H &#8211; 16H<\/span><\/p>\n<p>VW Shop est ouvert du lundi au samedi pour les clients qui veulent se rendre physiquement en magasin.<\/p>\n\n\n\t\t<\/div>\n\t\t\t\t\n<style>\n#col-1665157419 > .col-inner {\n  padding: 60px 30px 60px 30px;\n}\n@media (min-width:550px) {\n  #col-1665157419 > .col-inner {\n    padding: 60px 60px 60px 60px;\n  }\n}\n<\/style>\n\t<\/div>\n\n\t\n\n\n<style>\n#row-1313486458 > .col > .col-inner {\n  background-color: #b20000;\n}\n<\/style>\n<\/div>\n\n\t\t<\/div>\n\n\t\t\n<style>\n#section_1558811235 {\n  padding-top: 120px;\n  padding-bottom: 120px;\n  background-color: rgb(0,0,0);\n}\n#section_1558811235 .section-bg-overlay {\n  background-color: rgba(0, 0, 0, 0.517);\n}\n<\/style>\n\t<\/section>\n\t\n\n\t<section class=\"section dark\" id=\"section_2041300470\">\n\t\t<div class=\"section-bg fill\" >\n\t\t\t\t\t\t\t\t\t\n\t\t\t\n\n\t\t<\/div>\n\n\t\t\n\n\t\t<div class=\"section-content relative\">\n\t\t\t\n\n<div class=\"row align-center\"  id=\"row-400676480\">\n\n\n\t<div id=\"col-904260580\" class=\"col small-12 large-12\"  >\n\t\t\t\t<div class=\"col-inner\"  >\n\t\t\t\n\t\t\t\n\n<h2><span style=\"font-size:33px; line-height: 28px; font-weight: 200;\">RESTER AU COURANT<\/span><br \/> <span style=\"font-size:36px; line-height: 55px; font-weight: 700;\">NOUVELLES DE RECUP VW<\/span><\/h2>\n\n\t\t<\/div>\n\t\t\t\t\t<\/div>\n\n\t\n\n\t<div id=\"col-1298035145\" class=\"col medium-6 small-12 large-6\"  >\n\t\t\t\t<div class=\"col-inner\"  >\n\t\t\t\n\t\t\t\n\n\n\n<div class=\"fb-page\" data-href=\"https:\/\/www.facebook.com\/pg\/Vw-Shop-273419696195443\" data-tabs=\"timeline\" data-width=\"800\" data-height=\"800\" data-small-header=\"false\" data-adapt-container-width=\"true\" data-hide-cover=\"false\" data-show-facepile=\"true\"><blockquote cite=\"https:\/\/www.facebook.com\/pg\/Vw-Shop-273419696195443\" class=\"fb-xfbml-parse-ignore\"><a href=\"https:\/\/www.facebook.com\/pg\/Vw-Shop-273419696195443\">Recup Vw Shop<\/a><\/blockquote><\/div>\n\n\n\t\t<\/div>\n\t\t\t\t\t<\/div>\n\n\t\n\n\t<div id=\"col-227129934\" class=\"col medium-6 small-12 large-6\"  >\n\t\t\t\t<div class=\"col-inner\"  >\n\t\t\t\n\t\t\t\n\n\n\n<iframe loading=\"lazy\" style=\"border: 0;\" tabindex=\"0\" src=\"https:\/\/www.google.com\/maps\/embed?pb=!1m18!1m12!1m3!1d2516.0505218027024!2d4.415219215445926!3d50.90428127954056!2m3!1f0!2f0!3f0!3m2!1i1024!2i768!4f13.1!3m3!1m2!1s0x47c3c2cb351a96e3%3A0xf83ef91e1ae262fd!2sRecup%20Vw%20Audi%20Seat%20Skoda!5e0!3m2!1sfr!2sbe!4v1602187047434!5m2!1sfr!2sbe\" width=\"100%\" height=\"800px\" frameborder=\"0\" allowfullscreen=\"allowfullscreen\"><\/iframe>\n\n\n\t\t<\/div>\n\t\t\t\t\t<\/div>\n\n\t\n\n<\/div>\n\n\t\t<\/div>\n\n\t\t\n<style>\n#section_2041300470 {\n  padding-top: 30px;\n  padding-bottom: 30px;\n  background-color: rgb(213, 213, 213);\n}\n<\/style>\n\t<\/section>\n\t\n\n","protected":false},"excerpt":{"rendered":"","protected":false},"author":4,"featured_media":0,"parent":0,"menu_order":0,"comment_status":"closed","ping_status":"closed","template":"","meta":{"footnotes":""},"class_list":["post-602","page","type-page","status-publish","hentry"],"yoast_head":"<!-- This site is optimized with the Yoast SEO plugin v27.3 - https:\/\/yoast.com\/product\/yoast-seo-wordpress\/ -->\n<title>Turbos d&#039;occasion pour VW AUDI SEAT SKODA - 80%<\/title>\n<meta name=\"description\" content=\"Turbos d&#039;occasion pour VW AUDI SEAT SKODA - 80% - Qualit\u00e9 garantie\" \/>\n<meta name=\"robots\" content=\"index, follow, max-snippet:-1, max-image-preview:large, max-video-preview:-1\" \/>\n<link rel=\"canonical\" href=\"https:\/\/www.recupvw.be\/fr\/turbos\/\" \/>\n<meta property=\"og:locale\" content=\"fr_FR\" \/>\n<meta property=\"og:type\" content=\"article\" \/>\n<meta property=\"og:title\" content=\"Turbos d&#039;occasion pour VW AUDI SEAT SKODA - 80%\" \/>\n<meta property=\"og:description\" content=\"Turbos d&#039;occasion pour VW AUDI SEAT SKODA - 80% - Qualit\u00e9 garantie\" \/>\n<meta property=\"og:url\" content=\"https:\/\/www.recupvw.be\/fr\/turbos\/\" \/>\n<meta property=\"og:site_name\" content=\"Recup VW - VW Shop : Pi\u00e8ces auto VW Audi Seat Skoda Bruxelles\" \/>\n<meta property=\"article:publisher\" content=\"https:\/\/www.facebook.com\/Recup-Vw-Shop-273419696195443\/\" \/>\n<meta property=\"article:modified_time\" content=\"2025-09-10T09:28:33+00:00\" \/>\n<meta property=\"og:image\" content=\"https:\/\/www.recupvw.be\/wp-content\/uploads\/2025\/04\/vwrecup2.jpg\" \/>\n\t<meta property=\"og:image:width\" content=\"1600\" \/>\n\t<meta property=\"og:image:height\" content=\"901\" \/>\n\t<meta property=\"og:image:type\" content=\"image\/jpeg\" \/>\n<meta name=\"twitter:card\" content=\"summary_large_image\" \/>\n<meta name=\"twitter:label1\" content=\"Dur\u00e9e de lecture estim\u00e9e\" \/>\n\t<meta name=\"twitter:data1\" content=\"5 minutes\" \/>\n<script type=\"application\/ld+json\" class=\"yoast-schema-graph\">{\"@context\":\"https:\\\/\\\/schema.org\",\"@graph\":[{\"@type\":\"WebPage\",\"@id\":\"https:\\\/\\\/www.recupvw.be\\\/fr\\\/turbos\\\/\",\"url\":\"https:\\\/\\\/www.recupvw.be\\\/fr\\\/turbos\\\/\",\"name\":\"Turbos d'occasion pour VW AUDI SEAT SKODA - 80%\",\"isPartOf\":{\"@id\":\"https:\\\/\\\/www.recupvw.be\\\/fr\\\/#website\"},\"datePublished\":\"2022-06-02T08:05:40+00:00\",\"dateModified\":\"2025-09-10T09:28:33+00:00\",\"description\":\"Turbos d'occasion pour VW AUDI SEAT SKODA - 80% - Qualit\u00e9 garantie\",\"breadcrumb\":{\"@id\":\"https:\\\/\\\/www.recupvw.be\\\/fr\\\/turbos\\\/#breadcrumb\"},\"inLanguage\":\"fr-FR\",\"potentialAction\":[{\"@type\":\"ReadAction\",\"target\":[\"https:\\\/\\\/www.recupvw.be\\\/fr\\\/turbos\\\/\"]}]},{\"@type\":\"BreadcrumbList\",\"@id\":\"https:\\\/\\\/www.recupvw.be\\\/fr\\\/turbos\\\/#breadcrumb\",\"itemListElement\":[{\"@type\":\"ListItem\",\"position\":1,\"name\":\"Accueil\",\"item\":\"https:\\\/\\\/www.recupvw.be\\\/fr\\\/\"},{\"@type\":\"ListItem\",\"position\":2,\"name\":\"Turbos d&rsquo;occasion pour VW AUDI SEAT SKODA &#8211; 80%\"}]},{\"@type\":\"WebSite\",\"@id\":\"https:\\\/\\\/www.recupvw.be\\\/fr\\\/#website\",\"url\":\"https:\\\/\\\/www.recupvw.be\\\/fr\\\/\",\"name\":\"R\u00e9cup VW Shop : Pi\u00e8ces Auto d\u2019Occasion VW, Audi, Seat, Skoda \u00e0 Bruxelles\",\"description\":\"Pi\u00e8ces automobiles pour VW, Audi, Seat, Skoda - Stock \u00e0 Bruxelles\",\"publisher\":{\"@id\":\"https:\\\/\\\/www.recupvw.be\\\/fr\\\/#organization\"},\"alternateName\":\"R\u00e9cup VW SHOP\",\"potentialAction\":[{\"@type\":\"SearchAction\",\"target\":{\"@type\":\"EntryPoint\",\"urlTemplate\":\"https:\\\/\\\/www.recupvw.be\\\/fr\\\/?s={search_term_string}\"},\"query-input\":{\"@type\":\"PropertyValueSpecification\",\"valueRequired\":true,\"valueName\":\"search_term_string\"}}],\"inLanguage\":\"fr-FR\"},{\"@type\":\"Organization\",\"@id\":\"https:\\\/\\\/www.recupvw.be\\\/fr\\\/#organization\",\"name\":\"R\u00e9cup VW Shop\",\"url\":\"https:\\\/\\\/www.recupvw.be\\\/fr\\\/\",\"logo\":{\"@type\":\"ImageObject\",\"inLanguage\":\"fr-FR\",\"@id\":\"https:\\\/\\\/www.recupvw.be\\\/fr\\\/#\\\/schema\\\/logo\\\/image\\\/\",\"url\":\"https:\\\/\\\/www.recupvw.be\\\/wp-content\\\/uploads\\\/2025\\\/03\\\/cropped-recup-vw-shop-logo-1x1-1.png\",\"contentUrl\":\"https:\\\/\\\/www.recupvw.be\\\/wp-content\\\/uploads\\\/2025\\\/03\\\/cropped-recup-vw-shop-logo-1x1-1.png\",\"width\":512,\"height\":512,\"caption\":\"R\u00e9cup VW Shop\"},\"image\":{\"@id\":\"https:\\\/\\\/www.recupvw.be\\\/fr\\\/#\\\/schema\\\/logo\\\/image\\\/\"},\"sameAs\":[\"https:\\\/\\\/www.facebook.com\\\/Recup-Vw-Shop-273419696195443\\\/\",\"https:\\\/\\\/www.youtube.com\\\/watch?v=-n5yrRv29as\"]}]}<\/script>\n<!-- \/ Yoast SEO plugin. -->","yoast_head_json":{"title":"Turbos d'occasion pour VW AUDI SEAT SKODA - 80%","description":"Turbos d'occasion pour VW AUDI SEAT SKODA - 80% - Qualit\u00e9 garantie","robots":{"index":"index","follow":"follow","max-snippet":"max-snippet:-1","max-image-preview":"max-image-preview:large","max-video-preview":"max-video-preview:-1"},"canonical":"https:\/\/www.recupvw.be\/fr\/turbos\/","og_locale":"fr_FR","og_type":"article","og_title":"Turbos d'occasion pour VW AUDI SEAT SKODA - 80%","og_description":"Turbos d'occasion pour VW AUDI SEAT SKODA - 80% - Qualit\u00e9 garantie","og_url":"https:\/\/www.recupvw.be\/fr\/turbos\/","og_site_name":"Recup VW - VW Shop : Pi\u00e8ces auto VW Audi Seat Skoda Bruxelles","article_publisher":"https:\/\/www.facebook.com\/Recup-Vw-Shop-273419696195443\/","article_modified_time":"2025-09-10T09:28:33+00:00","og_image":[{"width":1600,"height":901,"url":"https:\/\/www.recupvw.be\/wp-content\/uploads\/2025\/04\/vwrecup2.jpg","type":"image\/jpeg"}],"twitter_card":"summary_large_image","twitter_misc":{"Dur\u00e9e de lecture estim\u00e9e":"5 minutes"},"schema":{"@context":"https:\/\/schema.org","@graph":[{"@type":"WebPage","@id":"https:\/\/www.recupvw.be\/fr\/turbos\/","url":"https:\/\/www.recupvw.be\/fr\/turbos\/","name":"Turbos d'occasion pour VW AUDI SEAT SKODA - 80%","isPartOf":{"@id":"https:\/\/www.recupvw.be\/fr\/#website"},"datePublished":"2022-06-02T08:05:40+00:00","dateModified":"2025-09-10T09:28:33+00:00","description":"Turbos d'occasion pour VW AUDI SEAT SKODA - 80% - Qualit\u00e9 garantie","breadcrumb":{"@id":"https:\/\/www.recupvw.be\/fr\/turbos\/#breadcrumb"},"inLanguage":"fr-FR","potentialAction":[{"@type":"ReadAction","target":["https:\/\/www.recupvw.be\/fr\/turbos\/"]}]},{"@type":"BreadcrumbList","@id":"https:\/\/www.recupvw.be\/fr\/turbos\/#breadcrumb","itemListElement":[{"@type":"ListItem","position":1,"name":"Accueil","item":"https:\/\/www.recupvw.be\/fr\/"},{"@type":"ListItem","position":2,"name":"Turbos d&rsquo;occasion pour VW AUDI SEAT SKODA &#8211; 80%"}]},{"@type":"WebSite","@id":"https:\/\/www.recupvw.be\/fr\/#website","url":"https:\/\/www.recupvw.be\/fr\/","name":"R\u00e9cup VW Shop : Pi\u00e8ces Auto d\u2019Occasion VW, Audi, Seat, Skoda \u00e0 Bruxelles","description":"Pi\u00e8ces automobiles pour VW, Audi, Seat, Skoda - Stock \u00e0 Bruxelles","publisher":{"@id":"https:\/\/www.recupvw.be\/fr\/#organization"},"alternateName":"R\u00e9cup VW SHOP","potentialAction":[{"@type":"SearchAction","target":{"@type":"EntryPoint","urlTemplate":"https:\/\/www.recupvw.be\/fr\/?s={search_term_string}"},"query-input":{"@type":"PropertyValueSpecification","valueRequired":true,"valueName":"search_term_string"}}],"inLanguage":"fr-FR"},{"@type":"Organization","@id":"https:\/\/www.recupvw.be\/fr\/#organization","name":"R\u00e9cup VW Shop","url":"https:\/\/www.recupvw.be\/fr\/","logo":{"@type":"ImageObject","inLanguage":"fr-FR","@id":"https:\/\/www.recupvw.be\/fr\/#\/schema\/logo\/image\/","url":"https:\/\/www.recupvw.be\/wp-content\/uploads\/2025\/03\/cropped-recup-vw-shop-logo-1x1-1.png","contentUrl":"https:\/\/www.recupvw.be\/wp-content\/uploads\/2025\/03\/cropped-recup-vw-shop-logo-1x1-1.png","width":512,"height":512,"caption":"R\u00e9cup VW Shop"},"image":{"@id":"https:\/\/www.recupvw.be\/fr\/#\/schema\/logo\/image\/"},"sameAs":["https:\/\/www.facebook.com\/Recup-Vw-Shop-273419696195443\/","https:\/\/www.youtube.com\/watch?v=-n5yrRv29as"]}]}},"_links":{"self":[{"href":"https:\/\/www.recupvw.be\/fr\/wp-json\/wp\/v2\/pages\/602","targetHints":{"allow":["GET"]}}],"collection":[{"href":"https:\/\/www.recupvw.be\/fr\/wp-json\/wp\/v2\/pages"}],"about":[{"href":"https:\/\/www.recupvw.be\/fr\/wp-json\/wp\/v2\/types\/page"}],"author":[{"embeddable":true,"href":"https:\/\/www.recupvw.be\/fr\/wp-json\/wp\/v2\/users\/4"}],"replies":[{"embeddable":true,"href":"https:\/\/www.recupvw.be\/fr\/wp-json\/wp\/v2\/comments?post=602"}],"version-history":[{"count":1,"href":"https:\/\/www.recupvw.be\/fr\/wp-json\/wp\/v2\/pages\/602\/revisions"}],"predecessor-version":[{"id":20278,"href":"https:\/\/www.recupvw.be\/fr\/wp-json\/wp\/v2\/pages\/602\/revisions\/20278"}],"wp:attachment":[{"href":"https:\/\/www.recupvw.be\/fr\/wp-json\/wp\/v2\/media?parent=602"}],"curies":[{"name":"wp","href":"https:\/\/api.w.org\/{rel}","templated":true}]}}